{"id":8172,"date":"2021-08-25T07:26:28","date_gmt":"2021-08-25T04:26:28","guid":{"rendered":"https:\/\/pandahomes.de\/hakkimizda\/"},"modified":"2022-08-12T00:52:55","modified_gmt":"2022-08-11T21:52:55","slug":"uber-uns","status":"publish","type":"page","link":"https:\/\/pandahomes.de\/de\/uber-uns\/","title":{"rendered":"\u00dcber uns"},"content":{"rendered":"<div class=\"wpb-content-wrapper\"><p>[vc_row css=&#8220;.vc_custom_1629877038080{margin-bottom: 40px !important;}&#8220; mobile_bg_img_hidden=&#8220;no&#8220; tablet_bg_img_hidden=&#8220;no&#8220; woodmart_parallax=&#8220;0&#8243; woodmart_gradient_switch=&#8220;no&#8220; row_reverse_mobile=&#8220;1&#8243; row_reverse_tablet=&#8220;1&#8243; woodmart_disable_overflow=&#8220;0&#8243; wd_z_index=&#8220;no&#8220; woodmart_css_id=&#8220;6125f32826e3d&#8220; responsive_spacing=&#8220;eyJwYXJhbV90eXBlIjoid29vZG1hcnRfcmVzcG9uc2l2ZV9zcGFjaW5nIiwic2VsZWN0b3JfaWQiOiI2MTI1ZjMyODI2ZTNkIiwic2hvcnRjb2RlIjoidmNfcm93IiwiZGF0YSI6eyJ0YWJsZXQiOnt9LCJtb2JpbGUiOnsibWFyZ2luLWJvdHRvbSI6IjIwIn19fQ==&#8220;][vc_column css=&#8220;.vc_custom_1629877010833{margin-bottom: 40px !important;padding-top: 0px !important;}&#8220; mobile_bg_img_hidden=&#8220;no&#8220; tablet_bg_img_hidden=&#8220;no&#8220; woodmart_parallax=&#8220;0&#8243; woodmart_sticky_column=&#8220;false&#8220; parallax_scroll=&#8220;no&#8220; mobile_reset_margin=&#8220;no&#8220; tablet_reset_margin=&#8220;no&#8220; offset=&#8220;vc_col-lg-6 vc_col-md-6&#8243; wd_z_index=&#8220;no&#8220; woodmart_css_id=&#8220;6125f30edad72&#8243; responsive_spacing=&#8220;eyJwYXJhbV90eXBlIjoid29vZG1hcnRfcmVzcG9uc2l2ZV9zcGFjaW5nIiwic2VsZWN0b3JfaWQiOiI2MTI1ZjMwZWRhZDcyIiwic2hvcnRjb2RlIjoidmNfY29sdW1uIiwiZGF0YSI6eyJ0YWJsZXQiOnt9LCJtb2JpbGUiOnt9fX0=&#8220;]\t\t<div id=\"wd-62462146c9d88\" class=\"wd-image wd-wpb wd-rs-62462146c9d88 text-left vc_custom_1648763220408\">\n\t\t\t\n\t\t\t<img loading=\"lazy\" decoding=\"async\" width=\"2224\" height=\"1200\" src=\"https:\/\/pandahomes.de\/wp-content\/uploads\/2021\/08\/retail-slider-2.jpg\" class=\"attachment-full\" alt=\"\" title=\"retail-slider-2\" srcset=\"https:\/\/pandahomes.de\/wp-content\/uploads\/2021\/08\/retail-slider-2.jpg 2224w, https:\/\/pandahomes.de\/wp-content\/uploads\/2021\/08\/retail-slider-2-430x232.jpg 430w, https:\/\/pandahomes.de\/wp-content\/uploads\/2021\/08\/retail-slider-2-150x81.jpg 150w, https:\/\/pandahomes.de\/wp-content\/uploads\/2021\/08\/retail-slider-2-700x378.jpg 700w, https:\/\/pandahomes.de\/wp-content\/uploads\/2021\/08\/retail-slider-2-400x216.jpg 400w, https:\/\/pandahomes.de\/wp-content\/uploads\/2021\/08\/retail-slider-2-1300x701.jpg 1300w, https:\/\/pandahomes.de\/wp-content\/uploads\/2021\/08\/retail-slider-2-768x414.jpg 768w, https:\/\/pandahomes.de\/wp-content\/uploads\/2021\/08\/retail-slider-2-1536x829.jpg 1536w, https:\/\/pandahomes.de\/wp-content\/uploads\/2021\/08\/retail-slider-2-2048x1105.jpg 2048w, https:\/\/pandahomes.de\/wp-content\/uploads\/2021\/08\/retail-slider-2-860x464.jpg 860w, https:\/\/pandahomes.de\/wp-content\/uploads\/2021\/08\/retail-slider-2-1320x712.jpg 1320w\" sizes=\"auto, (max-width: 2224px) 100vw, 2224px\" \/>\n\t\t\t\t\t<\/div>\n\t\t[\/vc_column][vc_column css=&#8220;.vc_custom_1629877027060{margin-bottom: 40px !important;padding-top: 40px !important;}&#8220; mobile_bg_img_hidden=&#8220;no&#8220; tablet_bg_img_hidden=&#8220;no&#8220; woodmart_parallax=&#8220;0&#8243; woodmart_sticky_column=&#8220;false&#8220; parallax_scroll=&#8220;no&#8220; mobile_reset_margin=&#8220;no&#8220; tablet_reset_margin=&#8220;no&#8220; offset=&#8220;vc_col-lg-offset-1 vc_col-lg-5 vc_col-md-6 vc_col-xs-12&#8243; wd_z_index=&#8220;no&#8220; woodmart_css_id=&#8220;6125f320eb687&#8243; responsive_spacing=&#8220;eyJwYXJhbV90eXBlIjoid29vZG1hcnRfcmVzcG9uc2l2ZV9zcGFjaW5nIiwic2VsZWN0b3JfaWQiOiI2MTI1ZjMyMGViNjg3Iiwic2hvcnRjb2RlIjoidmNfY29sdW1uIiwiZGF0YSI6eyJ0YWJsZXQiOnt9LCJtb2JpbGUiOnsicGFkZGluZy10b3AiOiIwIn19fQ==&#8220;]\t\t\n\t\t<div id=\"wd-62f57a14e1063\" class=\"title-wrapper wd-wpb set-mb-s reset-last-child  wd-rs-62f57a14e1063 wd-title-color-primary wd-underline-colored wd-title-style-default wd-width-100 text-left vc_custom_1660254748628\">\n\t\t\t\t\t\t\t<div class=\"title-subtitle  subtitle-color-primary font-default subtitle-style-default wd-font-weight-600 wd-fontsize-xs\">PANDAHOME<\/div>\n\t\t\t\n\t\t\t<div class=\"liner-continer\">\n\t\t\t\t<h4 class=\"woodmart-title-container title  wd-font-weight- wd-fontsize-xxl\" >\u00dcBER UNS<\/h4>\n\t\t\t\t\t\t\t<\/div>\n\t\t\t\n\t\t\t\n\t\t\t\n\t\t<\/div>\n\t\t\n\t\t\t\t<div id=\"wd-62f57a3167995\" class=\"wd-text-block wd-wpb reset-last-child wd-rs-62f57a3167995 wd-width-90 text-left wd-fontsize-s vc_custom_1660254772947\">\n\t\t\t<ul>\n<li class=\"p1\">Panda Home M\u00f6bel, gegr\u00fcndet 1988 in Ineg\u00f6l\/Bursa, bietet nun ihre Erfahrungen in der Herstellung und dem Verkauf von M\u00f6bel seit 2021 als Panda Home M\u00f6bel GmbH mit Sitz in Deutschland europaweit an.<br \/>\nDie Panda Home M\u00f6bel steht seit Ihrer Gr\u00fcndung vor 33 Jahren f\u00fcr Qualit\u00e4t, Vertrauen, hohe Arbeitsmoral, Kundenzufriedenheit und den Respekt vor der Natur.<\/li>\n<li>Unsere ersten Standorte sind Hamburg und Wuppertal um unsere Kunden in den Vertriebszentren zu bedienen.\u00a0 Aktuell befinden wir uns \u00a0Dreimal in NRW;\u00a0 Wuppertal \u2013 Dortmund \u2013 Duisburg.. Und einmal in Hamburg.<\/li>\n<\/ul>\n\t\t<\/div>\n\t\t\t\t<div id=\"wd-62f579e755b7c\" class=\"wd-text-block wd-wpb reset-last-child wd-rs-62f579e755b7c wd-width-100 text-left wd-fontsize-custom vc_custom_1660254699652\">\n\t\t\t<ul>\n<li class=\"p1\">Panda Home M\u00f6bel erweiterte seine Verkaufskette jedes Jahr in weitere 50 L\u00e4nder mit der Bedeutung: Kundenzufriedenheit, Naturfreundlichkeit und guter Qualit\u00e4t.<\/li>\n<li class=\"p1\">Panda Home M\u00f6bel multipliziert seine Aktivit\u00e4ten die mit zwei Niederlassungen in Deutschland begann fort und erweiterte seine Vertriebsnetz.<\/li>\n<li class=\"p1\">Panda Home M\u00f6bel Kunden k\u00f6nnen unsere Verkaufszentren besuchen und unsere Produktpalette<br \/>\nsich anschauen nach der gew\u00fcnschten Farbe und dem gew\u00fcnschten Modell bestellen.<br \/>\nSowie in unserer Online-Shop .<\/li>\n<\/ul>\n\t\t<\/div>\n\t\t[vc_separator color=&#8220;custom&#8220; accent_color=&#8220;rgba(10,10,10,0.12)&#8220; css=&#8220;.vc_custom_1615616514122{margin-bottom: 20px !important;padding-top: 10px !important;}&#8220;][vc_row_inner content_placement=&#8220;middle&#8220; row_reverse_mobile=&#8220;0&#8243; row_reverse_tablet=&#8220;0&#8243;][vc_column_inner width=&#8220;1\/2&#8243; css=&#8220;.vc_custom_1617632364304{padding-top: 0px !important;}&#8220;]\t\t<div id=\"wd-62f579fdd39de\" class=\"wd-text-block wd-wpb reset-last-child wd-rs-62f579fdd39de wd-width-100 text-left vc_custom_1660254724266\">\n\t\t\t<p><strong><u>FOLGEN SIE UNS IN DEN SOZIALEN MEDIEN&#8230;<\/u><\/strong><\/p>\n\t\t<\/div>\n\t\t[\/vc_column_inner][vc_column_inner width=&#8220;1\/2&#8243; css=&#8220;.vc_custom_1629877310132{padding-top: 0px !important;}&#8220; offset=&#8220;vc_hidden-sm vc_hidden-xs&#8220; wd_z_index=&#8220;no&#8220; woodmart_css_id=&#8220;6125f438bf39a&#8220; responsive_spacing=&#8220;eyJwYXJhbV90eXBlIjoid29vZG1hcnRfcmVzcG9uc2l2ZV9zcGFjaW5nIiwic2VsZWN0b3JfaWQiOiI2MTI1ZjQzOGJmMzlhIiwic2hvcnRjb2RlIjoidmNfY29sdW1uX2lubmVyIiwiZGF0YSI6eyJ0YWJsZXQiOnt9LCJtb2JpbGUiOnt9fX0=&#8220;]\n\t\t\t<div class=\"wd-social-icons text-right icons-design-colored-alt icons-size-small color-scheme-dark social-share social-form-circle\">\n\t\t\t\t\t\t\t\t\t<a rel=\"noopener noreferrer nofollow\" href=\"https:\/\/www.facebook.com\/sharer\/sharer.php?u=https:\/\/pandahomes.de\/de\/uber-uns\/\" target=\"_blank\" class=\" wd-social-icon social-facebook\" aria-label=\"Facebook social link\">\n\t\t\t\t\t\t<span class=\"wd-icon\"><\/span>\n\t\t\t\t\t\t\t\t\t\t\t<\/a>\n\t\t\t\t\n\t\t\t\t\t\t\t\t\t<a rel=\"noopener noreferrer nofollow\" href=\"https:\/\/twitter.com\/share?url=https:\/\/pandahomes.de\/de\/uber-uns\/\" target=\"_blank\" class=\" wd-social-icon social-twitter\" aria-label=\"Twitter social link\">\n\t\t\t\t\t\t<span class=\"wd-icon\"><\/span>\n\t\t\t\t\t\t\t\t\t\t\t<\/a>\n\t\t\t\t\n\t\t\t\t\n\t\t\t\t\n\t\t\t\t\n\t\t\t\t\n\t\t\t\t\n\t\t\t\t\n\t\t\t\t\n\t\t\t\t\n\t\t\t\t\n\t\t\t\t\n\t\t\t\t\n\t\t\t\t\n\t\t\t\t\n\t\t\t\t\n\t\t\t\t\t\t\t\t\t<a rel=\"noopener noreferrer nofollow\" href=\"https:\/\/api.whatsapp.com\/send?text=https%3A%2F%2Fpandahomes.de%2Fde%2Fuber-uns%2F\" target=\"_blank\" class=\"whatsapp-desktop  wd-social-icon social-whatsapp\" aria-label=\"WhatsApp social link\">\n\t\t\t\t\t\t<span class=\"wd-icon\"><\/span>\n\t\t\t\t\t\t\t\t\t\t\t<\/a>\n\t\t\t\t\t\n\t\t\t\t\t<a rel=\"noopener noreferrer nofollow\" href=\"whatsapp:\/\/send?text=https%3A%2F%2Fpandahomes.de%2Fde%2Fuber-uns%2F\" target=\"_blank\" class=\"whatsapp-mobile  wd-social-icon social-whatsapp\" aria-label=\"WhatsApp social link\">\n\t\t\t\t\t\t<span class=\"wd-icon\"><\/span>\n\t\t\t\t\t\t\t\t\t\t\t<\/a>\n\t\t\t\t\n\t\t\t\t\t\t\t\t\n\t\t\t\t\t\t\t\t\n\t\t\t\t\n\t\t\t\t\t\t\t\t\t<a rel=\"noopener noreferrer nofollow\" href=\"https:\/\/telegram.me\/share\/url?url=https:\/\/pandahomes.de\/de\/uber-uns\/\" target=\"_blank\" class=\" wd-social-icon social-tg\" aria-label=\"Telegram social link\">\n\t\t\t\t\t\t<span class=\"wd-icon\"><\/span>\n\t\t\t\t\t\t\t\t\t\t\t<\/a>\n\t\t\t\t\t\t\t\t\n\t\t\t\t\n\t\t\t<\/div>\n\n\t\t[\/vc_column_inner][\/vc_row_inner][\/vc_column][\/vc_row][vc_row disable_element=&#8220;yes&#8220; woodmart_css_id=&#8220;6246212fe9660&#8243; responsive_spacing=&#8220;eyJwYXJhbV90eXBlIjoid29vZG1hcnRfcmVzcG9uc2l2ZV9zcGFjaW5nIiwic2VsZWN0b3JfaWQiOiI2MjQ2MjEyZmU5NjYwIiwic2hvcnRjb2RlIjoidmNfcm93IiwiZGF0YSI6eyJ0YWJsZXQiOnt9LCJtb2JpbGUiOnt9fX0=&#8220; mobile_bg_img_hidden=&#8220;no&#8220; tablet_bg_img_hidden=&#8220;no&#8220; woodmart_parallax=&#8220;0&#8243; woodmart_gradient_switch=&#8220;no&#8220; woodmart_box_shadow=&#8220;no&#8220; wd_z_index=&#8220;no&#8220; woodmart_disable_overflow=&#8220;0&#8243; row_reverse_mobile=&#8220;0&#8243; row_reverse_tablet=&#8220;0&#8243;][vc_column width=&#8220;1\/2&#8243; css=&#8220;.vc_custom_1615617895716{padding-top: 0px !important;}&#8220; mobile_bg_img_hidden=&#8220;no&#8220; tablet_bg_img_hidden=&#8220;no&#8220; woodmart_parallax=&#8220;0&#8243; woodmart_sticky_column=&#8220;false&#8220; parallax_scroll=&#8220;no&#8220; mobile_reset_margin=&#8220;no&#8220; tablet_reset_margin=&#8220;no&#8220;][vc_video poster_image=&#8220;5222&#8243; image_poster_switch=&#8220;yes&#8220; img_size=&#8220;full&#8220;]\t\t\n\t\t<div id=\"wd-604c63b41733b\" class=\"title-wrapper wd-wpb set-mb-s reset-last-child  wd-rs-604c63b41733b wd-title-color-default wd-underline-colored wd-title-style-default wd-width-100 text-left vc_custom_1615618999087\">\n\t\t\t\n\t\t\t<div class=\"liner-continer\">\n\t\t\t\t<h4 class=\"woodmart-title-container title  wd-font-weight- wd-fontsize-l\" >Our company history and facts<\/h4>\n\t\t\t\t\t\t\t<\/div>\n\t\t\t\n\t\t\t\n\t\t\t\n\t\t<\/div>\n\t\t\n\t\t\t\t<div id=\"wd-6125f26cceca6\" class=\"wd-text-block wd-wpb reset-last-child wd-rs-6125f26cceca6 wd-width-custom text-left wd-fontsize-s \">\n\t\t\t<p><em>I should be incapable of drawing a single stroke at the present moment; and yet I feel that I never was a greater artist than now.<\/em><\/p>\n\t\t<\/div>\n\t\t[\/vc_column][vc_column width=&#8220;1\/2&#8243; css=&#8220;.vc_custom_1629877093976{padding-top: 0px !important;}&#8220; mobile_bg_img_hidden=&#8220;no&#8220; tablet_bg_img_hidden=&#8220;no&#8220; woodmart_parallax=&#8220;0&#8243; woodmart_sticky_column=&#8220;false&#8220; parallax_scroll=&#8220;no&#8220; mobile_reset_margin=&#8220;no&#8220; tablet_reset_margin=&#8220;no&#8220; wd_z_index=&#8220;no&#8220; woodmart_css_id=&#8220;6125f363cf509&#8243; responsive_spacing=&#8220;eyJwYXJhbV90eXBlIjoid29vZG1hcnRfcmVzcG9uc2l2ZV9zcGFjaW5nIiwic2VsZWN0b3JfaWQiOiI2MTI1ZjM2M2NmNTA5Iiwic2hvcnRjb2RlIjoidmNfY29sdW1uIiwiZGF0YSI6eyJ0YWJsZXQiOnt9LCJtb2JpbGUiOnt9fX0=&#8220;][vc_video poster_image=&#8220;5223&#8243; image_poster_switch=&#8220;yes&#8220; img_size=&#8220;full&#8220;]\t\t\n\t\t<div id=\"wd-604c63f4baeb6\" class=\"title-wrapper wd-wpb set-mb-s reset-last-child  wd-rs-604c63f4baeb6 wd-title-color-default wd-underline-colored wd-title-style-default wd-width-100 text-left vc_custom_1615619062292\">\n\t\t\t\n\t\t\t<div class=\"liner-continer\">\n\t\t\t\t<h4 class=\"woodmart-title-container title  wd-font-weight- wd-fontsize-l\" >Design &amp; development process demonstration<\/h4>\n\t\t\t\t\t\t\t<\/div>\n\t\t\t\n\t\t\t\n\t\t\t\n\t\t<\/div>\n\t\t\n\t\t\t\t<div id=\"wd-6125f2c0e928f\" class=\"wd-text-block wd-wpb reset-last-child wd-rs-6125f2c0e928f wd-width-custom text-left wd-fontsize-s \">\n\t\t\t<p><em>A wonderful serenity has taken possession of my entire soul,like these sweet mornings of spring which I enjoy with my whole heart.<\/em><\/p>\n\t\t<\/div>\n\t\t[\/vc_column][\/vc_row]<\/p>\n<\/div>","protected":false},"excerpt":{"rendered":"<p>[vc_row css=&#8220;.vc_custom_1629877038080{margin-bottom: 40px !important;}&#8220; mobile_bg_img_hidden=&#8220;no&#8220; tablet_bg_img_hidden=&#8220;no&#8220; woodmart_parallax=&#8220;0&#8243; woodmart_gradient_switch=&#8220;no&#8220; row_reverse_mobile=&#8220;1&#8243; row_reverse_tablet=&#8220;1&#8243; woodmart_disable_overflow=&#8220;0&#8243; wd_z_index=&#8220;no&#8220; woodmart_css_id=&#8220;6125f32826e3d&#8220; responsive_spacing=&#8220;eyJwYXJhbV90eXBlIjoid29vZG1hcnRfcmVzcG9uc2l2ZV9zcGFjaW5nIiwic2VsZWN0b3JfaWQiOiI2MTI1ZjMyODI2ZTNkIiwic2hvcnRjb2RlIjoidmNfcm93IiwiZGF0YSI6eyJ0YWJsZXQiOnt9LCJtb2JpbGUiOnsibWFyZ2luLWJvdHRvbSI6IjIwIn19fQ==&#8220;][vc_column css=&#8220;.vc_custom_1629877010833{margin-bottom: 40px !important;padding-top: 0px !important;}&#8220; mobile_bg_img_hidden=&#8220;no&#8220;<\/p>\n","protected":false},"author":1,"featured_media":0,"parent":0,"menu_order":0,"comment_status":"closed","ping_status":"closed","template":"","meta":{"footnotes":""},"class_list":["post-8172","page","type-page","status-publish","hentry"],"_links":{"self":[{"href":"https:\/\/pandahomes.de\/de\/wp-json\/wp\/v2\/pages\/8172","targetHints":{"allow":["GET"]}}],"collection":[{"href":"https:\/\/pandahomes.de\/de\/wp-json\/wp\/v2\/pages"}],"about":[{"href":"https:\/\/pandahomes.de\/de\/wp-json\/wp\/v2\/types\/page"}],"author":[{"embeddable":true,"href":"https:\/\/pandahomes.de\/de\/wp-json\/wp\/v2\/users\/1"}],"replies":[{"embeddable":true,"href":"https:\/\/pandahomes.de\/de\/wp-json\/wp\/v2\/comments?post=8172"}],"version-history":[{"count":6,"href":"https:\/\/pandahomes.de\/de\/wp-json\/wp\/v2\/pages\/8172\/revisions"}],"predecessor-version":[{"id":8202,"href":"https:\/\/pandahomes.de\/de\/wp-json\/wp\/v2\/pages\/8172\/revisions\/8202"}],"wp:attachment":[{"href":"https:\/\/pandahomes.de\/de\/wp-json\/wp\/v2\/media?parent=8172"}],"curies":[{"name":"wp","href":"https:\/\/api.w.org\/{rel}","templated":true}]}}